{"id":877,"date":"2025-06-03T18:13:58","date_gmt":"2025-06-03T18:13:58","guid":{"rendered":"https:\/\/globaldatapro.com\/a-propos\/"},"modified":"2025-07-19T22:08:26","modified_gmt":"2025-07-19T22:08:26","slug":"a-propos","status":"publish","type":"page","link":"https:\/\/globaldatapro.com\/fr\/a-propos\/","title":{"rendered":"\u00c0 propos"},"content":{"rendered":"\t\t<div data-elementor-type=\"wp-page\" data-elementor-id=\"877\" class=\"elementor elementor-877 elementor-113\" data-elementor-post-type=\"page\">\n\t\t\t\t<div class=\"elementor-element elementor-element-9603401 e-flex e-con-boxed e-con e-parent\" data-id=\"9603401\" data-element_type=\"container\" data-e-type=\"container\">\n\t\t\t\t\t<div class=\"e-con-inner\">\n\t\t\t\t\t<\/div>\n\t\t\t\t<\/div>\n\t\t<div class=\"elementor-element elementor-element-710923f8 e-con-full e-flex e-con e-parent\" data-id=\"710923f8\" data-element_type=\"container\" data-e-type=\"container\" data-settings=\"{&quot;background_background&quot;:&quot;classic&quot;}\">\n\t\t<div class=\"elementor-element elementor-element-3f87b1ae e-con-full e-flex e-con e-child\" data-id=\"3f87b1ae\" data-element_type=\"container\" data-e-type=\"container\">\n\t\t\t\t<div class=\"elementor-element elementor-element-42e2368f elementor-widget elementor-widget-heading\" data-id=\"42e2368f\" data-element_type=\"widget\" data-e-type=\"widget\" data-widget_type=\"heading.default\">\n\t\t\t\t<div class=\"elementor-widget-container\">\n\t\t\t\t\t<h2 class=\"elementor-heading-title elementor-size-default\">Dr. Mbuyi mukendi (ph.d.) \u2013 analyste commercial, syst\u00e8mes et donn\u00e9es | fondateur de Global Business Data Analysis\n<\/h2>\t\t\t\t<\/div>\n\t\t\t\t<\/div>\n\t\t\t\t<div class=\"elementor-element elementor-element-30b95d8b elementor-widget elementor-widget-text-editor\" data-id=\"30b95d8b\" data-element_type=\"widget\" data-e-type=\"widget\" data-widget_type=\"text-editor.default\">\n\t\t\t\t<div class=\"elementor-widget-container\">\n\t\t\t\t\t\t\t\t\t<p><span style=\"font-weight: 400;\">Avec plus de 15 ans d&rsquo;exp\u00e9rience dans le secteur public, j&rsquo;apporte une approche compatissante et centr\u00e9e sur les personnes pour r\u00e9soudre des d\u00e9fis complexes li\u00e9s aux affaires, aux donn\u00e9es et aux syst\u00e8mes. En tant qu&rsquo;analyste bilingue (anglais\/fran\u00e7ais) sp\u00e9cialis\u00e9 en affaires, syst\u00e8mes et donn\u00e9es, j&rsquo;ai aid\u00e9 des organisations \u00e0 transformer leurs op\u00e9rations en traduisant leurs objectifs en informations exploitables, processus clairs et syst\u00e8mes efficaces.<\/span><\/p><p><span style=\"font-weight: 400;\">J&rsquo;ai fond\u00e9 <\/span><b>Global Business Data Analysis<\/b><span style=\"font-weight: 400;\">  pour offrir des services de conseil r\u00e9fl\u00e9chis et ax\u00e9s sur l&rsquo;int\u00e9grit\u00e9 aux organisations ax\u00e9es sur la mission, aux organismes \u00e0 but non lucratif et aux agences publiques. Mon travail est guid\u00e9 par une profonde conviction en la puissance du service, de l&rsquo;\u00e9quit\u00e9, et de la technologie et des donn\u00e9es pour am\u00e9liorer les vies.<\/span><\/p><p><span style=\"font-weight: 400;\">Qu&rsquo;il s&rsquo;agisse de cartographier des processus, de d\u00e9couvrir des informations avec SQL, Power BI ou Tableau, ou d&rsquo;aligner des syst\u00e8mes gr\u00e2ce \u00e0 une analyse strat\u00e9gique, je privil\u00e9gie la compr\u00e9hension de vos besoins uniques et la cr\u00e9ation de solutions qui fonctionnent pour de vraies personnes.<\/span><\/p><p><span style=\"font-weight: 400;\">Travaillons ensemble pour apporter clart\u00e9, compassion et impact \u00e0 votre prochain projet.<\/span><\/p>\t\t\t\t\t\t\t\t<\/div>\n\t\t\t\t<\/div>\n\t\t\t\t<\/div>\n\t\t\t\t<div class=\"elementor-element elementor-element-27be2d8c elementor-widget__width-initial elementor-widget-tablet__width-inherit elementor-widget elementor-widget-image\" data-id=\"27be2d8c\" data-element_type=\"widget\" data-e-type=\"widget\" data-widget_type=\"image.default\">\n\t\t\t\t<div class=\"elementor-widget-container\">\n\t\t\t\t\t\t\t\t\t\t\t\t\t\t\t<img fetchpriority=\"high\" decoding=\"async\" width=\"550\" height=\"770\" src=\"https:\/\/globaldatapro.com\/wp-content\/uploads\/2025\/06\/16908add-40ec-4009-a218-f0fe2646bdd2.jpg\" class=\"attachment-large size-large wp-image-836\" alt=\"\" srcset=\"https:\/\/globaldatapro.com\/wp-content\/uploads\/2025\/06\/16908add-40ec-4009-a218-f0fe2646bdd2.jpg 550w, https:\/\/globaldatapro.com\/wp-content\/uploads\/2025\/06\/16908add-40ec-4009-a218-f0fe2646bdd2-214x300.jpg 214w\" sizes=\"(max-width: 550px) 100vw, 550px\" \/>\t\t\t\t\t\t\t\t\t\t\t\t\t\t\t<\/div>\n\t\t\t\t<\/div>\n\t\t\t\t<\/div>\n\t\t<div class=\"elementor-element elementor-element-66cbf681 e-con-full e-flex e-con e-parent\" data-id=\"66cbf681\" data-element_type=\"container\" data-e-type=\"container\" data-settings=\"{&quot;background_background&quot;:&quot;classic&quot;}\">\n\t\t<div class=\"elementor-element elementor-element-6fa2cc3f e-con-full e-flex e-con e-child\" data-id=\"6fa2cc3f\" data-element_type=\"container\" data-e-type=\"container\">\n\t\t<div class=\"elementor-element elementor-element-1225b60e e-con-full e-flex e-con e-child\" data-id=\"1225b60e\" data-element_type=\"container\" data-e-type=\"container\">\n\t\t\t\t<div class=\"elementor-element elementor-element-61770996 elementor-widget elementor-widget-icon-box\" data-id=\"61770996\" data-element_type=\"widget\" data-e-type=\"widget\" data-widget_type=\"icon-box.default\">\n\t\t\t\t<div class=\"elementor-widget-container\">\n\t\t\t\t\t\t\t<div class=\"elementor-icon-box-wrapper\">\n\n\t\t\t\n\t\t\t\t\t\t<div class=\"elementor-icon-box-content\">\n\n\t\t\t\t\t\t\t\t\t<h3 class=\"elementor-icon-box-title\">\n\t\t\t\t\t\t<span  >\n\t\t\t\t\t\t\tNotre Mission\t\t\t\t\t\t<\/span>\n\t\t\t\t\t<\/h3>\n\t\t\t\t\n\t\t\t\t\t\t\t\t\t<p class=\"elementor-icon-box-description\">\n\t\t\t\t\t\tChez Global Business Data Analysis LLC, notre mission est de transformer des donn\u00e9es \u00e9parses en informations significatives gr\u00e2ce \u00e0 une approche ax\u00e9e sur les personnes, fond\u00e9e sur le travail d'\u00e9quipe, la compassion et la r\u00e9solution pratique de probl\u00e8mes. Nous autonomisons les individus et les organisations en offrant une formation accessible \u00e0 la Suite Microsoft et aux outils d'analyse commerciale, favorisant la litt\u00e9ratie num\u00e9rique, la collaboration et le succ\u00e8s \u00e0 long terme.\n\t\t\t\t\t<\/p>\n\t\t\t\t\n\t\t\t<\/div>\n\t\t\t\n\t\t<\/div>\n\t\t\t\t\t\t<\/div>\n\t\t\t\t<\/div>\n\t\t\t\t<\/div>\n\t\t<div class=\"elementor-element elementor-element-5331eb00 e-con-full e-flex e-con e-child\" data-id=\"5331eb00\" data-element_type=\"container\" data-e-type=\"container\" data-settings=\"{&quot;background_background&quot;:&quot;classic&quot;}\">\n\t\t\t\t<\/div>\n\t\t\t\t<\/div>\n\t\t<div class=\"elementor-element elementor-element-20bc78a9 e-con-full e-flex e-con e-child\" data-id=\"20bc78a9\" data-element_type=\"container\" data-e-type=\"container\">\n\t\t<div class=\"elementor-element elementor-element-fa1c8f5 e-con-full e-flex e-con e-child\" data-id=\"fa1c8f5\" data-element_type=\"container\" data-e-type=\"container\" data-settings=\"{&quot;background_background&quot;:&quot;classic&quot;}\">\n\t\t\t\t<\/div>\n\t\t<div class=\"elementor-element elementor-element-2b1daa73 e-con-full e-flex e-con e-child\" data-id=\"2b1daa73\" data-element_type=\"container\" data-e-type=\"container\">\n\t\t\t\t<div class=\"elementor-element elementor-element-291ee358 elementor-widget elementor-widget-icon-box\" data-id=\"291ee358\" data-element_type=\"widget\" data-e-type=\"widget\" data-widget_type=\"icon-box.default\">\n\t\t\t\t<div class=\"elementor-widget-container\">\n\t\t\t\t\t\t\t<div class=\"elementor-icon-box-wrapper\">\n\n\t\t\t\n\t\t\t\t\t\t<div class=\"elementor-icon-box-content\">\n\n\t\t\t\t\t\t\t\t\t<h3 class=\"elementor-icon-box-title\">\n\t\t\t\t\t\t<span  >\n\t\t\t\t\t\t\tNotre vision\t\t\t\t\t\t<\/span>\n\t\t\t\t\t<\/h3>\n\t\t\t\t\n\t\t\t\t\t\t\t\t\t<p class=\"elementor-icon-box-description\">\n\t\t\t\t\t\tNous envisageons un monde o\u00f9 chaque personne, quel que soit son origine, peut exploiter la puissance des donn\u00e9es pour prendre des d\u00e9cisions \u00e9clair\u00e9es et cr\u00e9er un changement positif. Global Business Data Analysis LLC se consacre \u00e0 favoriser une communaut\u00e9 compatissante, inclusive et comp\u00e9tente o\u00f9 le travail d'\u00e9quipe, la curiosit\u00e9 et l'innovation stimulent les solutions aux d\u00e9fis complexes d'aujourd'hui.\n\t\t\t\t\t<\/p>\n\t\t\t\t\n\t\t\t<\/div>\n\t\t\t\n\t\t<\/div>\n\t\t\t\t\t\t<\/div>\n\t\t\t\t<\/div>\n\t\t\t\t<\/div>\n\t\t\t\t<\/div>\n\t\t\t\t<\/div>\n\t\t<div class=\"elementor-element elementor-element-2e5c5a7 e-con-full e-flex e-con e-parent\" data-id=\"2e5c5a7\" data-element_type=\"container\" data-e-type=\"container\">\n\t\t\t\t<div class=\"elementor-element elementor-element-e227ec6 elementor-widget-divider--view-line elementor-widget elementor-widget-divider\" data-id=\"e227ec6\" data-element_type=\"widget\" data-e-type=\"widget\" data-widget_type=\"divider.default\">\n\t\t\t\t<div class=\"elementor-widget-container\">\n\t\t\t\t\t\t\t<div class=\"elementor-divider\">\n\t\t\t<span class=\"elementor-divider-separator\">\n\t\t\t\t\t\t<\/span>\n\t\t<\/div>\n\t\t\t\t\t\t<\/div>\n\t\t\t\t<\/div>\n\t\t\t\t<\/div>\n\t\t\t\t<\/div>\n\t\t","protected":false},"excerpt":{"rendered":"<p>Dr. Mbuyi mukendi (ph.d.) \u2013 analyste commercial, syst\u00e8mes et donn\u00e9es | fondateur de Global Business Data Analysis Avec plus de 15 ans d&rsquo;exp\u00e9rience dans le secteur public, j&rsquo;apporte une approche compatissante et centr\u00e9e sur les personnes pour r\u00e9soudre des d\u00e9fis complexes li\u00e9s aux affaires, aux donn\u00e9es et aux syst\u00e8mes. En tant qu&rsquo;analyste bilingue (anglais\/fran\u00e7ais) sp\u00e9cialis\u00e9 [&hellip;]<\/p>\n","protected":false},"author":1,"featured_media":0,"parent":0,"menu_order":0,"comment_status":"closed","ping_status":"closed","template":"elementor_header_footer","meta":{"footnotes":""},"class_list":["post-877","page","type-page","status-publish","hentry"],"_links":{"self":[{"href":"https:\/\/globaldatapro.com\/fr\/wp-json\/wp\/v2\/pages\/877","targetHints":{"allow":["GET"]}}],"collection":[{"href":"https:\/\/globaldatapro.com\/fr\/wp-json\/wp\/v2\/pages"}],"about":[{"href":"https:\/\/globaldatapro.com\/fr\/wp-json\/wp\/v2\/types\/page"}],"author":[{"embeddable":true,"href":"https:\/\/globaldatapro.com\/fr\/wp-json\/wp\/v2\/users\/1"}],"replies":[{"embeddable":true,"href":"https:\/\/globaldatapro.com\/fr\/wp-json\/wp\/v2\/comments?post=877"}],"version-history":[{"count":1,"href":"https:\/\/globaldatapro.com\/fr\/wp-json\/wp\/v2\/pages\/877\/revisions"}],"predecessor-version":[{"id":878,"href":"https:\/\/globaldatapro.com\/fr\/wp-json\/wp\/v2\/pages\/877\/revisions\/878"}],"wp:attachment":[{"href":"https:\/\/globaldatapro.com\/fr\/wp-json\/wp\/v2\/media?parent=877"}],"curies":[{"name":"wp","href":"https:\/\/api.w.org\/{rel}","templated":true}]}}