{"id":879,"date":"2025-07-04T16:54:08","date_gmt":"2025-07-04T16:54:08","guid":{"rendered":"https:\/\/globaldatapro.com\/coaching-et-mentorat\/"},"modified":"2025-07-19T22:08:26","modified_gmt":"2025-07-19T22:08:26","slug":"coaching-et-mentorat","status":"publish","type":"page","link":"https:\/\/globaldatapro.com\/fr\/coaching-et-mentorat\/","title":{"rendered":"Coaching et mentorat"},"content":{"rendered":"\t\t<div data-elementor-type=\"wp-page\" data-elementor-id=\"879\" class=\"elementor elementor-879 elementor-515\" data-elementor-post-type=\"page\">\n\t\t\t\t<div class=\"elementor-element elementor-element-79189d9 e-con-full e-flex e-con e-parent\" data-id=\"79189d9\" data-element_type=\"container\" data-e-type=\"container\" data-settings=\"{&quot;background_background&quot;:&quot;classic&quot;}\">\n\t\t<div class=\"elementor-element elementor-element-bffde3e e-con-full e-flex e-con e-child\" data-id=\"bffde3e\" data-element_type=\"container\" data-e-type=\"container\">\n\t\t\t\t<div class=\"elementor-element elementor-element-3614ba1 elementor-widget elementor-widget-image\" data-id=\"3614ba1\" data-element_type=\"widget\" data-e-type=\"widget\" data-widget_type=\"image.default\">\n\t\t\t\t<div class=\"elementor-widget-container\">\n\t\t\t\t\t\t\t\t\t\t\t\t\t\t\t<img fetchpriority=\"high\" decoding=\"async\" width=\"1000\" height=\"1118\" src=\"https:\/\/globaldatapro.com\/wp-content\/uploads\/2025\/07\/png-14.png\" class=\"attachment-full size-full wp-image-866\" alt=\"\" srcset=\"https:\/\/globaldatapro.com\/wp-content\/uploads\/2025\/07\/png-14.png 1000w, https:\/\/globaldatapro.com\/wp-content\/uploads\/2025\/07\/png-14-268x300.png 268w, https:\/\/globaldatapro.com\/wp-content\/uploads\/2025\/07\/png-14-916x1024.png 916w, https:\/\/globaldatapro.com\/wp-content\/uploads\/2025\/07\/png-14-768x859.png 768w\" sizes=\"(max-width: 1000px) 100vw, 1000px\" \/>\t\t\t\t\t\t\t\t\t\t\t\t\t\t\t<\/div>\n\t\t\t\t<\/div>\n\t\t\t\t<\/div>\n\t\t<div class=\"elementor-element elementor-element-0a16a59 e-con-full e-flex e-con e-child\" data-id=\"0a16a59\" data-element_type=\"container\" data-e-type=\"container\">\n\t\t\t\t<div class=\"elementor-element elementor-element-eac03b4 elementor-widget elementor-widget-heading\" data-id=\"eac03b4\" data-element_type=\"widget\" data-e-type=\"widget\" data-widget_type=\"heading.default\">\n\t\t\t\t<div class=\"elementor-widget-container\">\n\t\t\t\t\t<h2 class=\"elementor-heading-title elementor-size-default\">Coaching et mentorat<\/h2>\t\t\t\t<\/div>\n\t\t\t\t<\/div>\n\t\t\t\t<div class=\"elementor-element elementor-element-bd0dc44 elementor-widget elementor-widget-text-editor\" data-id=\"bd0dc44\" data-element_type=\"widget\" data-e-type=\"widget\" data-widget_type=\"text-editor.default\">\n\t\t\t\t<div class=\"elementor-widget-container\">\n\t\t\t\t\t\t\t\t\t<p data-start=\"229\" data-end=\"282\"> <\/p><p data-start=\"229\" data-end=\"282\"><strong data-start=\"229\" data-end=\"282\">\ud83c\udf31 Favoriser la croissance par le biais de conseils et d\u2019un soutien<\/strong><\/p><p data-start=\"284\" data-end=\"569\">Chez GBDA LLC, nos services de coaching et de mentorat sont con\u00e7us pour aider les personnes et les organisations \u00e0 lib\u00e9rer leur potentiel. Nous travaillons en partenariat avec vous par le biais de conversations intentionnelles ax\u00e9es sur les objectifs, en vous offrant un soutien personnalis\u00e9 qui inspire l\u2019action, d\u00e9veloppe les comp\u00e9tences et renforce le leadership. <\/p><h4 data-start=\"576\" data-end=\"597\"><strong data-start=\"580\" data-end=\"597\">Ce que nous proposons<\/strong><\/h4><p data-start=\"599\" data-end=\"899\"><strong data-start=\"599\" data-end=\"627\">\ud83c\udfaf Coaching personnalis\u00e9<\/strong><br data-start=\"627\" data-end=\"630\">Nous offrons un coaching individuel adapt\u00e9 \u00e0 vos objectifs professionnels, que vous soyez en pleine transition de carri\u00e8re, que vous recherchiez de la clart\u00e9 dans votre r\u00f4le ou que vous souhaitiez devenir un leader. Notre approche de coaching est bas\u00e9e sur l\u2019\u00e9coute active, la r\u00e9flexion et la d\u00e9finition d\u2019objectifs pratiques. <\/p><p data-start=\"901\" data-end=\"1172\"><strong data-start=\"901\" data-end=\"933\">\ud83e\udd1d Mentorat pour le d\u00e9veloppement<\/strong><br data-start=\"933\" data-end=\"936\">Nous agissons en tant que conseillers de confiance, offrant des conseils bas\u00e9s sur l\u2019exp\u00e9rience et l\u2019empathie. Que vous soyez au d\u00e9but de votre carri\u00e8re ou que vous releviez un nouveau d\u00e9fi, nous vous aidons \u00e0 renforcer votre confiance, \u00e0 \u00e9largir vos perspectives et \u00e0 d\u00e9velopper un \u00e9tat d\u2019esprit de croissance. <\/p><p data-start=\"1174\" data-end=\"1441\"><strong data-start=\"1174\" data-end=\"1217\">\ud83d\udcc8 D\u00e9veloppement de la performance et du leadership<\/strong><br data-start=\"1217\" data-end=\"1220\">Nous travaillons avec des individus et des \u00e9quipes pour am\u00e9liorer les performances, d\u00e9velopper les comp\u00e9tences g\u00e9n\u00e9rales et diriger avec impact. De la communication et de la d\u00e9l\u00e9gation \u00e0 la r\u00e9silience et \u00e0 la conscience de soi, nous aidons \u00e0 lib\u00e9rer le potentiel de leadership \u00e0 tous les niveaux. <\/p><p data-start=\"1443\" data-end=\"1647\"><strong data-start=\"1443\" data-end=\"1482\">\ud83d\udcdd Planification de l\u2019action et responsabilisation<\/strong><br data-start=\"1482\" data-end=\"1485\">Ensemble, nous transformons les id\u00e9es en actions. Nous vous aidons \u00e0 fixer des objectifs clairs, \u00e0 identifier les prochaines \u00e9tapes et \u00e0 rester responsable gr\u00e2ce \u00e0 un soutien structur\u00e9 et \u00e0 des suivis r\u00e9guliers. <\/p><p data-start=\"1649\" data-end=\"1855\"><strong data-start=\"1649\" data-end=\"1683\">\ud83d\udd17 D\u00e9veloppement des comp\u00e9tences et r\u00e9seautage<\/strong><br data-start=\"1683\" data-end=\"1686\">Au-del\u00e0 des conseils, nous vous fournissons des outils et des strat\u00e9gies tangibles, de la gestion du temps \u00e0 la communication professionnelle, et nous vous aidons \u00e0 \u00e9largir votre r\u00e9seau professionnel.<\/p><p data-start=\"1862\" data-end=\"2033\"> <\/p><p data-start=\"1862\" data-end=\"2033\"><strong data-start=\"1862\" data-end=\"1953\">Le coaching et le mentorat chez GBDA LLC sont plus que de simples conseils&nbsp;: il s\u2019agit d\u2019une transformation.<\/strong><br data-start=\"1953\" data-end=\"1956\">Nous vous \u00e9coutons, vous guidons et vous donnons les moyens d\u2019entrer en toute confiance dans votre prochain chapitre.<\/p>\t\t\t\t\t\t\t\t<\/div>\n\t\t\t\t<\/div>\n\t\t\t\t<\/div>\n\t\t\t\t<\/div>\n\t\t\t\t<\/div>\n\t\t","protected":false},"excerpt":{"rendered":"<p>Coaching et mentorat \ud83c\udf31 Favoriser la croissance par le biais de conseils et d\u2019un soutien Chez GBDA LLC, nos services de coaching et de mentorat sont con\u00e7us pour aider les personnes et les organisations \u00e0 lib\u00e9rer leur potentiel. Nous travaillons en partenariat avec vous par le biais de conversations intentionnelles ax\u00e9es sur les objectifs, en [&hellip;]<\/p>\n","protected":false},"author":1,"featured_media":0,"parent":0,"menu_order":0,"comment_status":"closed","ping_status":"closed","template":"elementor_header_footer","meta":{"footnotes":""},"class_list":["post-879","page","type-page","status-publish","hentry"],"_links":{"self":[{"href":"https:\/\/globaldatapro.com\/fr\/wp-json\/wp\/v2\/pages\/879","targetHints":{"allow":["GET"]}}],"collection":[{"href":"https:\/\/globaldatapro.com\/fr\/wp-json\/wp\/v2\/pages"}],"about":[{"href":"https:\/\/globaldatapro.com\/fr\/wp-json\/wp\/v2\/types\/page"}],"author":[{"embeddable":true,"href":"https:\/\/globaldatapro.com\/fr\/wp-json\/wp\/v2\/users\/1"}],"replies":[{"embeddable":true,"href":"https:\/\/globaldatapro.com\/fr\/wp-json\/wp\/v2\/comments?post=879"}],"version-history":[{"count":1,"href":"https:\/\/globaldatapro.com\/fr\/wp-json\/wp\/v2\/pages\/879\/revisions"}],"predecessor-version":[{"id":880,"href":"https:\/\/globaldatapro.com\/fr\/wp-json\/wp\/v2\/pages\/879\/revisions\/880"}],"wp:attachment":[{"href":"https:\/\/globaldatapro.com\/fr\/wp-json\/wp\/v2\/media?parent=879"}],"curies":[{"name":"wp","href":"https:\/\/api.w.org\/{rel}","templated":true}]}}