{"id":883,"date":"2025-07-03T18:45:50","date_gmt":"2025-07-03T18:45:50","guid":{"rendered":"https:\/\/globaldatapro.com\/analyse-commerciale\/"},"modified":"2025-07-19T22:08:35","modified_gmt":"2025-07-19T22:08:35","slug":"analyse-commerciale","status":"publish","type":"page","link":"https:\/\/globaldatapro.com\/fr\/analyse-commerciale\/","title":{"rendered":"Analyse commerciale"},"content":{"rendered":"\t\t<div data-elementor-type=\"wp-page\" data-elementor-id=\"883\" class=\"elementor elementor-883 elementor-465\" data-elementor-post-type=\"page\">\n\t\t\t\t<div class=\"elementor-element elementor-element-19ce869 e-con-full e-flex e-con e-parent\" data-id=\"19ce869\" data-element_type=\"container\" data-e-type=\"container\" data-settings=\"{&quot;background_background&quot;:&quot;classic&quot;}\">\n\t\t<div class=\"elementor-element elementor-element-b220367 e-con-full e-flex e-con e-child\" data-id=\"b220367\" data-element_type=\"container\" data-e-type=\"container\">\n\t\t\t\t<div class=\"elementor-element elementor-element-5b4480a elementor-widget elementor-widget-image\" data-id=\"5b4480a\" data-element_type=\"widget\" data-e-type=\"widget\" data-widget_type=\"image.default\">\n\t\t\t\t<div class=\"elementor-widget-container\">\n\t\t\t\t\t\t\t\t\t\t\t\t\t\t\t<img fetchpriority=\"high\" decoding=\"async\" width=\"745\" height=\"1024\" src=\"https:\/\/globaldatapro.com\/wp-content\/uploads\/2025\/06\/png-12-745x1024.png\" class=\"attachment-large size-large wp-image-860\" alt=\"\" srcset=\"https:\/\/globaldatapro.com\/wp-content\/uploads\/2025\/06\/png-12-745x1024.png 745w, https:\/\/globaldatapro.com\/wp-content\/uploads\/2025\/06\/png-12-218x300.png 218w, https:\/\/globaldatapro.com\/wp-content\/uploads\/2025\/06\/png-12-768x1056.png 768w, https:\/\/globaldatapro.com\/wp-content\/uploads\/2025\/06\/png-12.png 1000w\" sizes=\"(max-width: 745px) 100vw, 745px\" \/>\t\t\t\t\t\t\t\t\t\t\t\t\t\t\t<\/div>\n\t\t\t\t<\/div>\n\t\t\t\t<\/div>\n\t\t<div class=\"elementor-element elementor-element-4db35fc e-con-full e-flex e-con e-child\" data-id=\"4db35fc\" data-element_type=\"container\" data-e-type=\"container\">\n\t\t\t\t<div class=\"elementor-element elementor-element-55753ba elementor-widget elementor-widget-heading\" data-id=\"55753ba\" data-element_type=\"widget\" data-e-type=\"widget\" data-widget_type=\"heading.default\">\n\t\t\t\t<div class=\"elementor-widget-container\">\n\t\t\t\t\t<h2 class=\"elementor-heading-title elementor-size-default\">Analyse commerciale et conseil<\/h2>\t\t\t\t<\/div>\n\t\t\t\t<\/div>\n\t\t\t\t<div class=\"elementor-element elementor-element-d6d7319 elementor-widget elementor-widget-text-editor\" data-id=\"d6d7319\" data-element_type=\"widget\" data-e-type=\"widget\" data-widget_type=\"text-editor.default\">\n\t\t\t\t<div class=\"elementor-widget-container\">\n\t\t\t\t\t\t\t\t\t<p data-start=\"233\" data-end=\"334\"><strong data-start=\"233\" data-end=\"334\">\ud83e\udde0 De la clart\u00e9 \u00e0 l&rsquo;ex\u00e9cution \u2014 Donnez \u00e0 votre mission les moyens d&rsquo;agir gr\u00e2ce \u00e0 des solutions perspicaces et ax\u00e9es sur l&rsquo;humain<\/strong><\/p><p data-start=\"336\" data-end=\"757\">Chez Global Business Data Analysis LLC (GBDA LLC), nous faisons le lien entre la strat\u00e9gie et l&rsquo;ex\u00e9cution. Nos services d&rsquo;analyse commerciale sont con\u00e7us pour vous aider \u00e0 aligner les op\u00e9rations sur les objectifs de l&rsquo;organisation, \u00e0 g\u00e9rer le changement et \u00e0 cr\u00e9er des solutions qui fonctionnent dans le monde r\u00e9el. Qu&rsquo;il s&rsquo;agisse de lancer une nouvelle initiative, d&rsquo;affiner les processus internes ou de g\u00e9rer les transitions de syst\u00e8me, nous vous accompagnons \u00e0 chaque \u00e9tape avec structure, empathie et expertise.  <\/p><h4 data-start=\"764\" data-end=\"784\"><strong data-start=\"768\" data-end=\"784\">Nos services<\/strong><\/h4><p data-start=\"786\" data-end=\"1044\"><strong data-start=\"786\" data-end=\"831\">\ud83d\udc65 Engagement et communication des parties prenantes<\/strong><br data-start=\"831\" data-end=\"834\">Nous facilitons les conversations productives entre les utilisateurs professionnels, les d\u00e9cideurs et les \u00e9quipes techniques. Gr\u00e2ce \u00e0 des entretiens, des ateliers et des s\u00e9ances de d\u00e9couverte, nous d\u00e9couvrons les besoins r\u00e9els et veillons \u00e0 ce que chaque voix soit entendue. <\/p><p data-start=\"1046\" data-end=\"1297\"><strong data-start=\"1046\" data-end=\"1088\">\ud83e\uddfe Recueil et analyse des exigences<\/strong><br data-start=\"1088\" data-end=\"1091\">\u00c0 l&rsquo;aide d&rsquo;outils \u00e9prouv\u00e9s tels que les r\u00e9cits d&rsquo;utilisateurs, les cas d&rsquo;utilisation et les diagrammes de processus, nous capturons et structurons les exigences commerciales et fonctionnelles, cr\u00e9ant ainsi une base claire pour la conception, le d\u00e9veloppement et la livraison du syst\u00e8me.<\/p><p data-start=\"1299\" data-end=\"1529\"><strong data-start=\"1299\" data-end=\"1345\">\ud83d\udcca Cartographie et optimisation des processus d&rsquo;affaires<\/strong><br data-start=\"1345\" data-end=\"1348\">Nous utilisons BPMN et d&rsquo;autres outils visuels pour \u00e9valuer les flux de travail, \u00e9liminer les inefficacit\u00e9s et identifier les possibilit\u00e9s d&rsquo;automatisation. R\u00e9sultat : des op\u00e9rations rationalis\u00e9es et une performance am\u00e9lior\u00e9e. <\/p><p data-start=\"1531\" data-end=\"1778\"><strong data-start=\"1531\" data-end=\"1564\">\ud83d\udd0d Analyse de faisabilit\u00e9 et des \u00e9carts<\/strong><br data-start=\"1564\" data-end=\"1567\">Nous \u00e9valuons vos syst\u00e8mes et processus actuels par rapport aux r\u00e9sultats souhait\u00e9s. Cela comprend l&rsquo;\u00e9valuation de la pr\u00e9paration, l&rsquo;identification des lacunes en mati\u00e8re de capacit\u00e9s et l&rsquo;analyse de l&rsquo;impact du changement, afin que vous puissiez investir judicieusement et planifier efficacement. <\/p><p data-start=\"1780\" data-end=\"2011\"><strong data-start=\"1780\" data-end=\"1818\">\u2705 \u00c9valuation et validation des solutions<\/strong><br data-start=\"1818\" data-end=\"1821\">Nous vous aidons \u00e0 \u00e9valuer les options de solution et \u00e0 nous assurer que les outils ou syst\u00e8mes choisis sont align\u00e9s sur les objectifs strat\u00e9giques. Apr\u00e8s la mise en \u0153uvre, nous confirmons qu&rsquo;ils offrent la valeur attendue et r\u00e9pondent aux besoins des utilisateurs finaux. <\/p><p data-start=\"2013\" data-end=\"2204\"><strong data-start=\"2013\" data-end=\"2052\">\ud83d\udcc4 Documentation et pr\u00e9paration au changement<\/strong><br data-start=\"2052\" data-end=\"2055\">Nous cr\u00e9ons des analyses de rentabilisation, des documents d&rsquo;exigences, des manuels d&rsquo;utilisation et du mat\u00e9riel de formation qui soutiennent l&rsquo;adoption, la clart\u00e9 et la continuit\u00e9 organisationnelle.<\/p><p data-start=\"2206\" data-end=\"2390\"><strong data-start=\"2206\" data-end=\"2244\">\u267b\ufe0f Planification de l&rsquo;am\u00e9lioration continue<\/strong><br data-start=\"2244\" data-end=\"2247\">Nous vous aidons \u00e0 d\u00e9finir des mesures de performance, des strat\u00e9gies de gouvernance et des boucles d&rsquo;apprentissage qui permettent \u00e0 votre organisation d&rsquo;\u00e9voluer et de s&rsquo;am\u00e9liorer continuellement.<\/p><p data-start=\"2397\" data-end=\"2598\"> <\/p><p data-start=\"2397\" data-end=\"2598\"><strong data-start=\"2397\" data-end=\"2511\">Chez GBDA LLC, nous apportons une profondeur analytique, une compr\u00e9hension du monde r\u00e9el et un engagement envers des r\u00e9sultats ax\u00e9s sur l&rsquo;humain.<\/strong><br data-start=\"2511\" data-end=\"2514\">Transformons ensemble la complexit\u00e9 en clart\u00e9 et construisons des solutions durables et significatives.<\/p>\t\t\t\t\t\t\t\t<\/div>\n\t\t\t\t<\/div>\n\t\t\t\t<\/div>\n\t\t\t\t<\/div>\n\t\t\t\t<\/div>\n\t\t","protected":false},"excerpt":{"rendered":"<p>Analyse commerciale et conseil \ud83e\udde0 De la clart\u00e9 \u00e0 l&rsquo;ex\u00e9cution \u2014 Donnez \u00e0 votre mission les moyens d&rsquo;agir gr\u00e2ce \u00e0 des solutions perspicaces et ax\u00e9es sur l&rsquo;humain Chez Global Business Data Analysis LLC (GBDA LLC), nous faisons le lien entre la strat\u00e9gie et l&rsquo;ex\u00e9cution. Nos services d&rsquo;analyse commerciale sont con\u00e7us pour vous aider \u00e0 aligner [&hellip;]<\/p>\n","protected":false},"author":1,"featured_media":0,"parent":0,"menu_order":0,"comment_status":"closed","ping_status":"closed","template":"elementor_header_footer","meta":{"footnotes":""},"class_list":["post-883","page","type-page","status-publish","hentry"],"_links":{"self":[{"href":"https:\/\/globaldatapro.com\/fr\/wp-json\/wp\/v2\/pages\/883","targetHints":{"allow":["GET"]}}],"collection":[{"href":"https:\/\/globaldatapro.com\/fr\/wp-json\/wp\/v2\/pages"}],"about":[{"href":"https:\/\/globaldatapro.com\/fr\/wp-json\/wp\/v2\/types\/page"}],"author":[{"embeddable":true,"href":"https:\/\/globaldatapro.com\/fr\/wp-json\/wp\/v2\/users\/1"}],"replies":[{"embeddable":true,"href":"https:\/\/globaldatapro.com\/fr\/wp-json\/wp\/v2\/comments?post=883"}],"version-history":[{"count":1,"href":"https:\/\/globaldatapro.com\/fr\/wp-json\/wp\/v2\/pages\/883\/revisions"}],"predecessor-version":[{"id":884,"href":"https:\/\/globaldatapro.com\/fr\/wp-json\/wp\/v2\/pages\/883\/revisions\/884"}],"wp:attachment":[{"href":"https:\/\/globaldatapro.com\/fr\/wp-json\/wp\/v2\/media?parent=883"}],"curies":[{"name":"wp","href":"https:\/\/api.w.org\/{rel}","templated":true}]}}