{"id":886,"date":"2025-07-04T16:22:28","date_gmt":"2025-07-04T16:22:28","guid":{"rendered":"https:\/\/globaldatapro.com\/conseil-en-analyse-de-systemes\/"},"modified":"2025-07-19T22:09:07","modified_gmt":"2025-07-19T22:09:07","slug":"conseil-en-analyse-de-systemes","status":"publish","type":"page","link":"https:\/\/globaldatapro.com\/fr\/conseil-en-analyse-de-systemes\/","title":{"rendered":"Conseil en analyse de syst\u00e8mes"},"content":{"rendered":"\t\t<div data-elementor-type=\"wp-page\" data-elementor-id=\"886\" class=\"elementor elementor-886 elementor-488\" data-elementor-post-type=\"page\">\n\t\t\t\t<div class=\"elementor-element elementor-element-51606f8 e-con-full e-flex e-con e-parent\" data-id=\"51606f8\" data-element_type=\"container\" data-e-type=\"container\" data-settings=\"{&quot;background_background&quot;:&quot;classic&quot;}\">\n\t\t<div class=\"elementor-element elementor-element-15fc584 e-con-full e-flex e-con e-child\" data-id=\"15fc584\" data-element_type=\"container\" data-e-type=\"container\">\n\t\t\t\t<div class=\"elementor-element elementor-element-5f5bc51 elementor-widget elementor-widget-image\" data-id=\"5f5bc51\" data-element_type=\"widget\" data-e-type=\"widget\" data-widget_type=\"image.default\">\n\t\t\t\t<div class=\"elementor-widget-container\">\n\t\t\t\t\t\t\t\t\t\t\t\t\t\t\t<img fetchpriority=\"high\" decoding=\"async\" width=\"647\" height=\"1024\" src=\"https:\/\/globaldatapro.com\/wp-content\/uploads\/2025\/07\/png-35-647x1024.png\" class=\"attachment-large size-large wp-image-870\" alt=\"\" srcset=\"https:\/\/globaldatapro.com\/wp-content\/uploads\/2025\/07\/png-35-647x1024.png 647w, https:\/\/globaldatapro.com\/wp-content\/uploads\/2025\/07\/png-35-190x300.png 190w, https:\/\/globaldatapro.com\/wp-content\/uploads\/2025\/07\/png-35-768x1215.png 768w, https:\/\/globaldatapro.com\/wp-content\/uploads\/2025\/07\/png-35-971x1536.png 971w, https:\/\/globaldatapro.com\/wp-content\/uploads\/2025\/07\/png-35.png 1000w\" sizes=\"(max-width: 647px) 100vw, 647px\" \/>\t\t\t\t\t\t\t\t\t\t\t\t\t\t\t<\/div>\n\t\t\t\t<\/div>\n\t\t\t\t<\/div>\n\t\t<div class=\"elementor-element elementor-element-27dc64c e-con-full e-flex e-con e-child\" data-id=\"27dc64c\" data-element_type=\"container\" data-e-type=\"container\">\n\t\t\t\t<div class=\"elementor-element elementor-element-478118b elementor-widget elementor-widget-heading\" data-id=\"478118b\" data-element_type=\"widget\" data-e-type=\"widget\" data-widget_type=\"heading.default\">\n\t\t\t\t<div class=\"elementor-widget-container\">\n\t\t\t\t\t<h2 class=\"elementor-heading-title elementor-size-default\">Conseil en analyse de syst\u00e8mes<\/h2>\t\t\t\t<\/div>\n\t\t\t\t<\/div>\n\t\t\t\t<div class=\"elementor-element elementor-element-1a20704 elementor-widget elementor-widget-text-editor\" data-id=\"1a20704\" data-element_type=\"widget\" data-e-type=\"widget\" data-widget_type=\"text-editor.default\">\n\t\t\t\t<div class=\"elementor-widget-container\">\n\t\t\t\t\t\t\t\t\t<p data-start=\"258\" data-end=\"347\"><strong data-start=\"258\" data-end=\"347\">\ud83d\udd27 Transformer la complexit\u00e9 en clart\u00e9 \u2014 aligner la technologie avec vos objectifs commerciaux<\/strong><\/p><p data-start=\"349\" data-end=\"709\">Chez Global Business Data Analysis LLC (GBDA LLC), nous aidons les organisations \u00e0 \u00e9valuer et faire \u00e9voluer leur paysage technologique. Que vous planifiiez un nouveau syst\u00e8me, int\u00e9griez des plateformes ou repensiez des outils obsol\u00e8tes, nous offrons des conseils d&rsquo;experts de l&rsquo;\u00e9valuation jusqu&rsquo;\u00e0 la mise en \u0153uvre \u2014 garantissant que chaque d\u00e9cision soutient \u00e0 la fois la performance op\u00e9rationnelle et la croissance strat\u00e9gique. <\/p><h4 data-start=\"716\" data-end=\"741\"><strong data-start=\"720\" data-end=\"741\">Nos services principaux<\/strong><\/h4><p data-start=\"743\" data-end=\"984\"><strong data-start=\"743\" data-end=\"777\">\ud83d\udda5\ufe0f \u00c9valuation des syst\u00e8mes actuels<\/strong><br data-start=\"777\" data-end=\"780\">Nous effectuons une analyse approfondie de vos syst\u00e8mes existants pour \u00e9valuer les capacit\u00e9s, les limitations, les points d&rsquo;int\u00e9gration et l&rsquo;utilisabilit\u00e9. Nous identifions ce qui fonctionne, ce qui vous freine et o\u00f9 des changements sont n\u00e9cessaires. <\/p><p data-start=\"986\" data-end=\"1201\"><strong data-start=\"986\" data-end=\"1035\">\ud83d\udccb Analyse des exigences commerciales et techniques<\/strong><br data-start=\"1035\" data-end=\"1038\">Nous recueillons et analysons les exigences fonctionnelles et techniques pour nous assurer que les syst\u00e8mes s&rsquo;alignent avec les besoins des utilisateurs, les normes de conformit\u00e9 et votre strat\u00e9gie commerciale globale.<\/p><p data-start=\"1203\" data-end=\"1410\"><strong data-start=\"1203\" data-end=\"1239\">\ud83d\udcd0 Recommandations de conception de syst\u00e8me<\/strong><br data-start=\"1239\" data-end=\"1242\">De l&rsquo;architecture syst\u00e8me aux mod\u00e8les de donn\u00e9es et \u00e0 la conception d&rsquo;interface, nous fournissons des conseils de conception exploitables qui comblent l&rsquo;\u00e9cart entre votre situation actuelle et vos objectifs.<\/p><p data-start=\"1412\" data-end=\"1640\"><strong data-start=\"1412\" data-end=\"1453\">\ud83d\udcca \u00c9tudes de faisabilit\u00e9 et analyse des \u00e9carts<\/strong><br data-start=\"1453\" data-end=\"1456\">Nous comparons vos syst\u00e8mes actuels avec les capacit\u00e9s souhait\u00e9es pour l&rsquo;\u00e9tat futur. Nos \u00e9valuations de faisabilit\u00e9 consid\u00e8rent le co\u00fbt, le risque, la complexit\u00e9 et ROI pour \u00e9clairer des d\u00e9cisions confiantes et bas\u00e9es sur les donn\u00e9es. <\/p><p data-start=\"1642\" data-end=\"1858\"><strong data-start=\"1642\" data-end=\"1680\">\ud83d\udd01 Planification de syst\u00e8mes ax\u00e9e sur les processus<\/strong><br data-start=\"1680\" data-end=\"1683\">Nos solutions sont con\u00e7ues en tenant compte de vos flux de travail. Nous alignons les am\u00e9liorations syst\u00e8me avec les processus commerciaux pour rationaliser les op\u00e9rations, r\u00e9duire les frictions et am\u00e9liorer l&rsquo;efficacit\u00e9. <\/p><p data-start=\"1860\" data-end=\"2115\"><strong data-start=\"1860\" data-end=\"1900\">\ud83c\udff7\ufe0f Support d&rsquo;\u00e9valuation des fournisseurs et outils<\/strong><br data-start=\"1900\" data-end=\"1903\">Nous vous aidons \u00e0 identifier et \u00e9valuer les bons outils ou plateformes \u2014 bas\u00e9s sur l&rsquo;ad\u00e9quation, l&rsquo;\u00e9volutivit\u00e9, le co\u00fbt et la fiabilit\u00e9. Du support d&rsquo;appel d&rsquo;offres aux d\u00e9monstrations de produits, nous vous guidons dans la s\u00e9lection de fournisseurs avec clart\u00e9 et confiance. <\/p><p data-start=\"2117\" data-end=\"2326\"><strong data-start=\"2117\" data-end=\"2152\">\ud83d\uddfa\ufe0f Cartographie de la mise en \u0153uvre<\/strong><br data-start=\"2152\" data-end=\"2155\">Nous cr\u00e9ons des plans clairs et par phases pour la mise en \u0153uvre \u2014 d\u00e9finissant les jalons cl\u00e9s, les exigences en ressources, les calendriers et les strat\u00e9gies d&rsquo;att\u00e9nuation des risques pour soutenir une ex\u00e9cution structur\u00e9e.<\/p><h4 data-start=\"2333\" data-end=\"2367\"> <\/h4><h4 data-start=\"2333\" data-end=\"2367\"><strong data-start=\"2337\" data-end=\"2367\">Pourquoi s&rsquo;associer avec GBDA LLC ?<\/strong><\/h4><p data-start=\"2369\" data-end=\"2522\">\u2714\ufe0f <strong data-start=\"2372\" data-end=\"2402\">clart\u00e9 dans la prise de d\u00e9cision<\/strong><br data-start=\"2402\" data-end=\"2405\">\u2714\ufe0f <strong data-start=\"2408\" data-end=\"2469\">alignement strat\u00e9gique entre la technologie et les objectifs commerciaux<\/strong><br data-start=\"2469\" data-end=\"2472\">\u2714\ufe0f <strong data-start=\"2475\" data-end=\"2522\">feuilles de route exploitables pour des syst\u00e8mes durables<\/strong><\/p>\t\t\t\t\t\t\t\t<\/div>\n\t\t\t\t<\/div>\n\t\t\t\t<\/div>\n\t\t\t\t<\/div>\n\t\t\t\t<\/div>\n\t\t","protected":false},"excerpt":{"rendered":"<p>Conseil en analyse de syst\u00e8mes \ud83d\udd27 Transformer la complexit\u00e9 en clart\u00e9 \u2014 aligner la technologie avec vos objectifs commerciaux Chez Global Business Data Analysis LLC (GBDA LLC), nous aidons les organisations \u00e0 \u00e9valuer et faire \u00e9voluer leur paysage technologique. Que vous planifiiez un nouveau syst\u00e8me, int\u00e9griez des plateformes ou repensiez des outils obsol\u00e8tes, nous offrons [&hellip;]<\/p>\n","protected":false},"author":1,"featured_media":0,"parent":0,"menu_order":0,"comment_status":"closed","ping_status":"closed","template":"elementor_header_footer","meta":{"footnotes":""},"class_list":["post-886","page","type-page","status-publish","hentry"],"_links":{"self":[{"href":"https:\/\/globaldatapro.com\/fr\/wp-json\/wp\/v2\/pages\/886","targetHints":{"allow":["GET"]}}],"collection":[{"href":"https:\/\/globaldatapro.com\/fr\/wp-json\/wp\/v2\/pages"}],"about":[{"href":"https:\/\/globaldatapro.com\/fr\/wp-json\/wp\/v2\/types\/page"}],"author":[{"embeddable":true,"href":"https:\/\/globaldatapro.com\/fr\/wp-json\/wp\/v2\/users\/1"}],"replies":[{"embeddable":true,"href":"https:\/\/globaldatapro.com\/fr\/wp-json\/wp\/v2\/comments?post=886"}],"version-history":[{"count":1,"href":"https:\/\/globaldatapro.com\/fr\/wp-json\/wp\/v2\/pages\/886\/revisions"}],"predecessor-version":[{"id":888,"href":"https:\/\/globaldatapro.com\/fr\/wp-json\/wp\/v2\/pages\/886\/revisions\/888"}],"wp:attachment":[{"href":"https:\/\/globaldatapro.com\/fr\/wp-json\/wp\/v2\/media?parent=886"}],"curies":[{"name":"wp","href":"https:\/\/api.w.org\/{rel}","templated":true}]}}