{"id":890,"date":"2025-07-04T16:44:43","date_gmt":"2025-07-04T16:44:43","guid":{"rendered":"https:\/\/globaldatapro.com\/analyse-de-donnees\/"},"modified":"2025-07-19T22:09:07","modified_gmt":"2025-07-19T22:09:07","slug":"analyse-de-donnees","status":"publish","type":"page","link":"https:\/\/globaldatapro.com\/fr\/analyse-de-donnees\/","title":{"rendered":"Analyse de donn\u00e9es"},"content":{"rendered":"\t\t<div data-elementor-type=\"wp-page\" data-elementor-id=\"890\" class=\"elementor elementor-890 elementor-507\" data-elementor-post-type=\"page\">\n\t\t\t\t<div class=\"elementor-element elementor-element-e326083 e-con-full e-flex e-con e-parent\" data-id=\"e326083\" data-element_type=\"container\" data-e-type=\"container\" data-settings=\"{&quot;background_background&quot;:&quot;classic&quot;}\">\n\t\t<div class=\"elementor-element elementor-element-81d8c93 e-con-full e-flex e-con e-child\" data-id=\"81d8c93\" data-element_type=\"container\" data-e-type=\"container\">\n\t\t\t\t<div class=\"elementor-element elementor-element-f0d16a5 elementor-widget elementor-widget-image\" data-id=\"f0d16a5\" data-element_type=\"widget\" data-e-type=\"widget\" data-widget_type=\"image.default\">\n\t\t\t\t<div class=\"elementor-widget-container\">\n\t\t\t\t\t\t\t\t\t\t\t\t\t\t\t<img fetchpriority=\"high\" decoding=\"async\" width=\"800\" height=\"1019\" src=\"https:\/\/globaldatapro.com\/wp-content\/uploads\/2025\/07\/png-24-804x1024.png\" class=\"attachment-large size-large wp-image-868\" alt=\"\" srcset=\"https:\/\/globaldatapro.com\/wp-content\/uploads\/2025\/07\/png-24-804x1024.png 804w, https:\/\/globaldatapro.com\/wp-content\/uploads\/2025\/07\/png-24-236x300.png 236w, https:\/\/globaldatapro.com\/wp-content\/uploads\/2025\/07\/png-24-768x978.png 768w, https:\/\/globaldatapro.com\/wp-content\/uploads\/2025\/07\/png-24.png 1000w\" sizes=\"(max-width: 800px) 100vw, 800px\" \/>\t\t\t\t\t\t\t\t\t\t\t\t\t\t\t<\/div>\n\t\t\t\t<\/div>\n\t\t\t\t<\/div>\n\t\t<div class=\"elementor-element elementor-element-b47e0f3 e-con-full e-flex e-con e-child\" data-id=\"b47e0f3\" data-element_type=\"container\" data-e-type=\"container\">\n\t\t\t\t<div class=\"elementor-element elementor-element-69ef83e elementor-widget elementor-widget-heading\" data-id=\"69ef83e\" data-element_type=\"widget\" data-e-type=\"widget\" data-widget_type=\"heading.default\">\n\t\t\t\t<div class=\"elementor-widget-container\">\n\t\t\t\t\t<h2 class=\"elementor-heading-title elementor-size-default\">Services de donn\u00e9es et de technologie<\/h2>\t\t\t\t<\/div>\n\t\t\t\t<\/div>\n\t\t\t\t<div class=\"elementor-element elementor-element-505a122 elementor-widget elementor-widget-text-editor\" data-id=\"505a122\" data-element_type=\"widget\" data-e-type=\"widget\" data-widget_type=\"text-editor.default\">\n\t\t\t\t<div class=\"elementor-widget-container\">\n\t\t\t\t\t\t\t\t\t<div class=\"flex basis-auto flex-col -mb-(--composer-overlap-px) [--composer-overlap-px:24px] grow overflow-hidden\"><div class=\"relative h-full\"><div class=\"flex h-full flex-col overflow-y-auto [scrollbar-gutter:stable_both-edges] @[84rem]\/thread:pt-(--header-height)\"><div class=\"@thread-xl\/thread:pt-header-height mt-1.5 flex flex-col text-sm pb-25\"><article class=\"text-token-text-primary w-full\" dir=\"auto\" data-testid=\"conversation-turn-38\" data-scroll-anchor=\"true\"><div class=\"text-base my-auto mx-auto py-5 [--thread-content-margin:--spacing(4)] @[37rem]:[--thread-content-margin:--spacing(6)] @[72rem]:[--thread-content-margin:--spacing(16)] px-(--thread-content-margin)\"><div class=\"[--thread-content-max-width:32rem] @[34rem]:[--thread-content-max-width:40rem] @[64rem]:[--thread-content-max-width:48rem] mx-auto flex max-w-(--thread-content-max-width) flex-1 text-base gap-4 md:gap-5 lg:gap-6 group\/turn-messages focus-visible:outline-hidden\" tabindex=\"-1\"><div class=\"group\/conversation-turn relative flex w-full min-w-0 flex-col agent-turn\"><div class=\"relative flex-col gap-1 md:gap-3\"><div class=\"flex max-w-full flex-col grow\"><div class=\"min-h-8 text-message relative flex w-full flex-col items-end gap-2 text-start break-words whitespace-normal [.text-message+&amp;]:mt-5\" dir=\"auto\" data-message-author-role=\"assistant\" data-message-id=\"83b3fabd-e9b1-4fbe-8f45-0390400e2288\" data-message-model-slug=\"gpt-4o\"><div class=\"flex w-full flex-col gap-1 empty:hidden first:pt-[3px]\"><div class=\"markdown prose dark:prose-invert w-full break-words light\"><p data-start=\"178\" data-end=\"253\"><strong data-start=\"178\" data-end=\"253\">Transformer les donn\u00e9es en orientation. Simplifier les syst\u00e8mes pour des d\u00e9cisions plus intelligentes. <\/strong><\/p><p data-start=\"255\" data-end=\"563\">Chez Global Business Data Analysis LLC (GBDA LLC), nous aidons les organisations \u00e0 exploiter la puissance des donn\u00e9es et de la technologie pour prendre des d\u00e9cisions \u00e9clair\u00e9es et confiantes. Que vous g\u00e9riez des plateformes complexes ou que vous d\u00e9butiez avec des outils limit\u00e9s, nos services pratiques et \u00e9volutifs sont adapt\u00e9s \u00e0 votre mission, \u00e0 votre capacit\u00e9 et \u00e0 vos objectifs. <\/p><h4 data-start=\"565\" data-end=\"586\"><strong data-start=\"569\" data-end=\"586\">Ce que nous proposons<\/strong><\/h4><p data-start=\"588\" data-end=\"824\"><strong data-start=\"588\" data-end=\"621\">\ud83d\udcca Collecte et analyse de donn\u00e9es<\/strong><br data-start=\"621\" data-end=\"624\">Nous concevons et soutenons la collecte structur\u00e9e de donn\u00e9es\u2014des sondages aux exportations de syst\u00e8mes et aux int\u00e9grations. Une fois recueillies, nous nettoyons, analysons et transformons vos donn\u00e9es en informations exploitables qui g\u00e9n\u00e8rent des r\u00e9sultats. <\/p><p data-start=\"826\" data-end=\"1024\"><strong data-start=\"826\" data-end=\"861\">\ud83d\udcc8 Tableaux de bord et visualisation<\/strong><br data-start=\"861\" data-end=\"864\">En utilisant Power BI, Tableau et Excel, nous cr\u00e9ons des tableaux de bord intuitifs qui mettent en \u00e9vidence les tendances, suivent les KPI et communiquent clairement les progr\u00e8s\u2014en interne et en externe.<\/p><p data-start=\"1026\" data-end=\"1274\"><strong data-start=\"1026\" data-end=\"1067\">\ud83d\udd17 Int\u00e9gration et optimisation des syst\u00e8mes<\/strong><br data-start=\"1067\" data-end=\"1070\">Nous connectons vos outils et plateformes pour rationaliser les flux de travail, r\u00e9duire la saisie manuelle et am\u00e9liorer la pr\u00e9cision. Nos \u00e9valuations r\u00e9v\u00e8lent les inefficacit\u00e9s et fournissent des am\u00e9liorations syst\u00e9miques align\u00e9es sur vos op\u00e9rations. <\/p><p data-start=\"1276\" data-end=\"1502\"><strong data-start=\"1276\" data-end=\"1316\">\ud83d\udcd8 Documentation et formation pour utilisateurs finaux<\/strong><br data-start=\"1316\" data-end=\"1319\">L&rsquo;adoption commence par la compr\u00e9hension. Nous cr\u00e9ons des guides d&rsquo;utilisation clairs, des documents de r\u00e9f\u00e9rence et proposons des formations en direct ou virtuelles pour garantir que votre \u00e9quipe puisse utiliser en toute confiance les nouveaux outils et syst\u00e8mes. <\/p><p data-start=\"1504\" data-end=\"1721\"><strong data-start=\"1504\" data-end=\"1536\">\ud83e\uddea Support d&rsquo;assurance qualit\u00e9<\/strong><br data-start=\"1536\" data-end=\"1539\">De la conception des cas de test \u00e0 la validation par les utilisateurs, nous vous aidons \u00e0 lancer avec confiance. Nos services d&rsquo;assurance qualit\u00e9 garantissent que vos syst\u00e8mes fonctionnent comme pr\u00e9vu, r\u00e9pondent aux besoins des utilisateurs et sont pr\u00eats pour le d\u00e9ploiement. <\/p><p data-start=\"1723\" data-end=\"1936\"><strong data-start=\"1723\" data-end=\"1772\">\ud83d\udca1 Conseil technique pour \u00e9quipes non techniques<\/strong><br data-start=\"1772\" data-end=\"1775\">Nous agissons comme votre traducteur entre l&rsquo;entreprise et la technologie. Que vous examiniez des propositions, s\u00e9lectionniez des fournisseurs ou d\u00e9finissiez des exigences, nous vous guidons avec clart\u00e9 et attention. <\/p><p data-start=\"1943\" data-end=\"2162\"> <\/p><p data-start=\"1943\" data-end=\"2162\"><strong data-start=\"1943\" data-end=\"1969\">Con\u00e7u pour \u00e9voluer avec vous<\/strong><br data-start=\"1969\" data-end=\"1972\">Nos services de donn\u00e9es et de technologie \u00e9voluent avec votre organisation. GBDA LLC est votre partenaire de confiance pour construire des syst\u00e8mes intelligents et durables qui offrent une valeur \u00e0 long terme et soutiennent votre mission. <\/p><p data-start=\"2169\" data-end=\"2271\" data-is-last-node=\"\" data-is-only-node=\"\"> <\/p><\/div><\/div><\/div><\/div><div class=\"flex min-h-[46px] justify-start\"><div class=\"touch:-me-2 touch:-ms-3.5 -ms-2.5 -me-1 flex flex-wrap items-center gap-y-4 p-1 select-none touch:w-[calc(100%+--spacing(3.5))] -mt-1 w-[calc(100%+--spacing(2.5))] duration-[1.5s] focus-within:transition-none hover:transition-none pointer-events-none [mask-image:linear-gradient(to_right,black_33%,transparent_66%)] [mask-size:300%_100%] [mask-position:100%_0%] motion-safe:transition-[mask-position] group-hover\/turn-messages:pointer-events-auto group-hover\/turn-messages:[mask-position:0_0] group-focus-within\/turn-messages:pointer-events-auto group-focus-within\/turn-messages:[mask-position:0_0] has-data-[state=open]:pointer-events-auto has-data-[state=open]:[mask-position:0_0]\"> <\/div><\/div><div class=\"mt-3 w-full empty:hidden\"><div class=\"text-center\"> <\/div><\/div><\/div><div class=\"absolute\"><div class=\"flex items-center justify-center\"> <\/div><\/div><\/div><\/div><\/div><\/article><div class=\"pointer-events-none h-px w-px\" aria-hidden=\"true\" data-edge=\"true\"> <\/div><div> <\/div><\/div><\/div><\/div><\/div><div id=\"thread-bottom-container\" class=\"isolate z-10 w-full basis-auto has-data-has-thread-error:pt-2 has-data-has-thread-error:[box-shadow:var(--sharp-edge-bottom-shadow)] md:border-transparent md:pt-0 dark:border-white\/20 md:dark:border-transparent\"><div class=\"text-base mx-auto [--thread-content-margin:--spacing(4)] @[37rem]:[--thread-content-margin:--spacing(6)] @[72rem]:[--thread-content-margin:--spacing(16)] px-(--thread-content-margin)\"><div class=\"[--thread-content-max-width:32rem] @[34rem]:[--thread-content-max-width:40rem] @[64rem]:[--thread-content-max-width:48rem] mx-auto flex max-w-(--thread-content-max-width) flex-1 text-base gap-4 md:gap-5 lg:gap-6\"><div class=\"flex justify-center empty:hidden\"> <\/div><div class=\"max-xs:[--force-hide-label:none] relative z-1 flex h-full max-w-full flex-1 flex-col\" aria-haspopup=\"dialog\" aria-expanded=\"false\" aria-controls=\"radix-\u00abrom\u00bb\" data-state=\"closed\"><div class=\"absolute start-0 end-0 bottom-full z-20\"> <\/div><form class=\"w-full [view-transition-name:var(--vt-composer)]\" data-type=\"unified-composer\"><div class=\"bg-token-bg-primary flex w-full cursor-text flex-col items-center justify-center overflow-clip bg-clip-padding contain-inline-size dark:bg-[#303030] shadow-short rounded-[28px]\"><div class=\"relative flex w-full items-end px-2.5 py-2.5\"><div class=\"relative flex w-full flex-auto flex-col\"><div class=\"relative mx-2.5 grid grid-cols-[auto_minmax(0,1fr)]\"><div class=\"items-top flex justify-center\"><div> <\/div><\/div><\/div><\/div><\/div><\/div><\/form><\/div><\/div><\/div><\/div>\t\t\t\t\t\t\t\t<\/div>\n\t\t\t\t<\/div>\n\t\t\t\t<\/div>\n\t\t\t\t<\/div>\n\t\t\t\t<\/div>\n\t\t","protected":false},"excerpt":{"rendered":"<p>Services de donn\u00e9es et de technologie Transformer les donn\u00e9es en orientation. Simplifier les syst\u00e8mes pour des d\u00e9cisions plus intelligentes. Chez Global Business Data Analysis LLC (GBDA LLC), nous aidons les organisations \u00e0 exploiter la puissance des donn\u00e9es et de la technologie pour prendre des d\u00e9cisions \u00e9clair\u00e9es et confiantes. Que vous g\u00e9riez des plateformes complexes ou [&hellip;]<\/p>\n","protected":false},"author":1,"featured_media":0,"parent":0,"menu_order":0,"comment_status":"closed","ping_status":"closed","template":"elementor_header_footer","meta":{"footnotes":""},"class_list":["post-890","page","type-page","status-publish","hentry"],"_links":{"self":[{"href":"https:\/\/globaldatapro.com\/fr\/wp-json\/wp\/v2\/pages\/890","targetHints":{"allow":["GET"]}}],"collection":[{"href":"https:\/\/globaldatapro.com\/fr\/wp-json\/wp\/v2\/pages"}],"about":[{"href":"https:\/\/globaldatapro.com\/fr\/wp-json\/wp\/v2\/types\/page"}],"author":[{"embeddable":true,"href":"https:\/\/globaldatapro.com\/fr\/wp-json\/wp\/v2\/users\/1"}],"replies":[{"embeddable":true,"href":"https:\/\/globaldatapro.com\/fr\/wp-json\/wp\/v2\/comments?post=890"}],"version-history":[{"count":1,"href":"https:\/\/globaldatapro.com\/fr\/wp-json\/wp\/v2\/pages\/890\/revisions"}],"predecessor-version":[{"id":891,"href":"https:\/\/globaldatapro.com\/fr\/wp-json\/wp\/v2\/pages\/890\/revisions\/891"}],"wp:attachment":[{"href":"https:\/\/globaldatapro.com\/fr\/wp-json\/wp\/v2\/media?parent=890"}],"curies":[{"name":"wp","href":"https:\/\/api.w.org\/{rel}","templated":true}]}}