{"id":893,"date":"2025-07-06T11:13:46","date_gmt":"2025-07-06T11:13:46","guid":{"rendered":"https:\/\/globaldatapro.com\/politique-de-cookies\/"},"modified":"2025-07-19T22:09:07","modified_gmt":"2025-07-19T22:09:07","slug":"politique-de-cookies","status":"publish","type":"page","link":"https:\/\/globaldatapro.com\/fr\/politique-de-cookies\/","title":{"rendered":"Politique de cookies"},"content":{"rendered":"\t\t<div data-elementor-type=\"wp-page\" data-elementor-id=\"893\" class=\"elementor elementor-893 elementor-614\" data-elementor-post-type=\"page\">\n\t\t\t\t<div class=\"elementor-element elementor-element-045b45f e-flex e-con-boxed e-con e-parent\" data-id=\"045b45f\" data-element_type=\"container\" data-e-type=\"container\" data-settings=\"{&quot;background_background&quot;:&quot;classic&quot;}\">\n\t\t\t\t\t<div class=\"e-con-inner\">\n\t\t\t\t<div class=\"elementor-element elementor-element-980eeb6 elementor-widget elementor-widget-heading\" data-id=\"980eeb6\" data-element_type=\"widget\" data-e-type=\"widget\" data-widget_type=\"heading.default\">\n\t\t\t\t<div class=\"elementor-widget-container\">\n\t\t\t\t\t<h2 class=\"elementor-heading-title elementor-size-default\">Politique de cookies<\/h2>\t\t\t\t<\/div>\n\t\t\t\t<\/div>\n\t\t\t\t<div class=\"elementor-element elementor-element-bb7f90b elementor-widget elementor-widget-text-editor\" data-id=\"bb7f90b\" data-element_type=\"widget\" data-e-type=\"widget\" data-widget_type=\"text-editor.default\">\n\t\t\t\t<div class=\"elementor-widget-container\">\n\t\t\t\t\t\t\t\t\t<p data-start=\"249\" data-end=\"597\"><strong data-start=\"249\" data-end=\"268\">Date d&rsquo;entr\u00e9e en vigueur :<\/strong> 07\/06\/2025<br data-start=\"282\" data-end=\"285\">Cette politique de cookies explique comment <strong data-start=\"317\" data-end=\"354\">Global Business Data Analysis LLC<\/strong> (\u00ab GBDA LLC \u00bb, \u00ab nous \u00bb, \u00ab notre \u00bb, ou \u00ab nos \u00bb) utilise les cookies et technologies similaires pour vous reconna\u00eetre lorsque vous visitez notre site web \u00e0 l&rsquo;adresse <strong data-start=\"475\" data-end=\"500\"><a class=\"\" href=\"http:\/\/www.globaldatapro.com\" target=\"_new\" rel=\"noopener\" data-start=\"477\" data-end=\"498\">www.globaldatapro.com<\/a><\/strong>. Elle explique ce que sont ces technologies, pourquoi nous les utilisons, et vos droits pour contr\u00f4ler leur utilisation. <\/p><hr data-start=\"599\" data-end=\"602\"><h3 data-start=\"604\" data-end=\"632\"><strong data-start=\"608\" data-end=\"632\">1. Que sont les cookies ?<\/strong><\/h3><p data-start=\"634\" data-end=\"827\">Les cookies sont de petits fichiers texte stock\u00e9s sur votre ordinateur ou appareil lorsque vous visitez un site web. Ils aident les sites web \u00e0 m\u00e9moriser vos pr\u00e9f\u00e9rences, comprendre le comportement des utilisateurs et am\u00e9liorer les performances globales. <\/p><p data-start=\"829\" data-end=\"844\">Les cookies peuvent \u00eatre :<\/p><ul data-start=\"845\" data-end=\"974\"><li data-start=\"845\" data-end=\"910\"><p data-start=\"847\" data-end=\"910\"><strong data-start=\"847\" data-end=\"866\">Cookies de session<\/strong>, qui expirent lorsque vous fermez votre navigateur<\/p><\/li><li data-start=\"911\" data-end=\"974\"><p data-start=\"913\" data-end=\"974\"><strong data-start=\"913\" data-end=\"935\">Cookies persistants<\/strong>, qui restent jusqu&rsquo;\u00e0 suppression ou expiration<\/p><\/li><\/ul><hr data-start=\"976\" data-end=\"979\"><h3 data-start=\"981\" data-end=\"1010\"><strong data-start=\"985\" data-end=\"1010\">2. Pourquoi nous utilisons les cookies<\/strong><\/h3><p data-start=\"1012\" data-end=\"1054\">Nous utilisons les cookies aux fins suivantes :<\/p><p data-start=\"1056\" data-end=\"1192\"><strong data-start=\"1056\" data-end=\"1080\">\ud83d\udd27 Cookies essentiels<\/strong><br data-start=\"1080\" data-end=\"1083\">Ceux-ci sont n\u00e9cessaires au bon fonctionnement du site web. Sans eux, certaines parties du site peuvent ne pas fonctionner. <\/p><p data-start=\"1194\" data-end=\"1387\"><strong data-start=\"1194\" data-end=\"1232\">\ud83d\udcca Cookies d&rsquo;analyse et de performance<\/strong><br data-start=\"1232\" data-end=\"1235\">Nous utilisons des outils comme <strong data-start=\"1253\" data-end=\"1273\">Google Analytics<\/strong> pour collecter des donn\u00e9es agr\u00e9g\u00e9es et anonymes sur le trafic et l&rsquo;utilisation du site web afin d&rsquo;am\u00e9liorer les performances et l&rsquo;exp\u00e9rience utilisateur.<\/p><p data-start=\"1389\" data-end=\"1513\"><strong data-start=\"1389\" data-end=\"1417\">\ud83c\udfaf Cookies de fonctionnalit\u00e9<\/strong><br data-start=\"1417\" data-end=\"1420\">Ceux-ci m\u00e9morisent vos pr\u00e9f\u00e9rences (comme la langue ou la r\u00e9gion) pour fournir une exp\u00e9rience personnalis\u00e9e.<\/p><p data-start=\"1515\" data-end=\"1700\"><strong data-start=\"1515\" data-end=\"1541\">\ud83d\udce2 Cookies tiers<\/strong><br data-start=\"1541\" data-end=\"1544\">Certaines pages peuvent contenir du contenu int\u00e9gr\u00e9 (par exemple, vid\u00e9os, r\u00e9seaux sociaux) qui d\u00e9finit ses propres cookies. Ceux-ci sont contr\u00f4l\u00e9s par des services tiers, pas par GBDA LLC. <\/p><hr data-start=\"1702\" data-end=\"1705\"><h3 data-start=\"1707\" data-end=\"1737\"><strong data-start=\"1711\" data-end=\"1737\">3. Vos choix concernant les cookies<\/strong><\/h3><p data-start=\"1739\" data-end=\"1804\">Vous avez le droit de d\u00e9cider d&rsquo;accepter ou de rejeter les cookies.<\/p><p data-start=\"1806\" data-end=\"1814\">Vous pouvez :<\/p><ul data-start=\"1815\" data-end=\"1999\"><li data-start=\"1815\" data-end=\"1874\"><p data-start=\"1817\" data-end=\"1874\">Ajuster les param\u00e8tres de votre navigateur pour bloquer ou supprimer les cookies<\/p><\/li><li data-start=\"1875\" data-end=\"1930\"><p data-start=\"1877\" data-end=\"1930\">Utiliser les pop-ups de contr\u00f4le des cookies (si activ\u00e9s sur le site)<\/p><\/li><li data-start=\"1931\" data-end=\"1999\"><p data-start=\"1933\" data-end=\"1999\">Retirer votre consentement \u00e0 tout moment en effa\u00e7ant les cookies de votre navigateur<\/p><\/li><\/ul><p data-start=\"2001\" data-end=\"2066\">Veuillez noter que la d\u00e9sactivation des cookies peut affecter la fonctionnalit\u00e9 du site.<\/p><hr data-start=\"2068\" data-end=\"2071\"><h3 data-start=\"2073\" data-end=\"2116\"><strong data-start=\"2077\" data-end=\"2116\">4. Gestion des cookies dans votre navigateur<\/strong><\/h3><p data-start=\"2118\" data-end=\"2175\">Vous pouvez g\u00e9rer les cookies directement dans les param\u00e8tres de votre navigateur :<\/p><ul data-start=\"2177\" data-end=\"2635\"><li data-start=\"2177\" data-end=\"2285\"><p data-start=\"2179\" data-end=\"2285\">Chrome : <a class=\"cursor-pointer\" target=\"_new\" rel=\"noopener\" data-start=\"2187\" data-end=\"2283\">https:\/\/support.google.com\/chrome\/answer\/95647<\/a><\/p><\/li><li data-start=\"2286\" data-end=\"2429\"><p data-start=\"2288\" data-end=\"2429\">Firefox : <a class=\"\" href=\"https:\/\/support.mozilla.org\/en-US\/kb\/enable-and-disable-cookies\" target=\"_new\" rel=\"noopener\" data-start=\"2297\" data-end=\"2427\">https:\/\/support.mozilla.org\/en-US\/kb\/enable-and-disable-cookies<\/a><\/p><\/li><li data-start=\"2430\" data-end=\"2526\"><p data-start=\"2432\" data-end=\"2526\">Safari : <a class=\"\" href=\"https:\/\/support.apple.com\/en-us\/HT201265\" target=\"_new\" rel=\"noopener\" data-start=\"2440\" data-end=\"2524\">https:\/\/support.apple.com\/en-us\/HT201265<\/a><\/p><\/li><li data-start=\"2527\" data-end=\"2635\"><p data-start=\"2529\" data-end=\"2635\">Edge : <a class=\"\" href=\"https:\/\/support.microsoft.com\/en-us\/help\/4027947\" target=\"_new\" rel=\"noopener\" data-start=\"2535\" data-end=\"2635\">https:\/\/support.microsoft.com\/en-us\/help\/4027947<\/a><\/p><\/li><\/ul><hr data-start=\"2637\" data-end=\"2640\"><h3 data-start=\"2642\" data-end=\"2682\"><strong data-start=\"2646\" data-end=\"2682\">5. Modifications de cette politique de cookies<\/strong><\/h3><p data-start=\"2684\" data-end=\"2832\">Nous pouvons mettre \u00e0 jour cette politique de cookies de temps \u00e0 autre. Lorsque nous le faisons, nous r\u00e9visons la \u00ab date d&rsquo;entr\u00e9e en vigueur \u00bb ci-dessus. Veuillez v\u00e9rifier p\u00e9riodiquement les mises \u00e0 jour.  <\/p><hr data-start=\"2834\" data-end=\"2837\"><h3 data-start=\"2839\" data-end=\"2860\"><strong data-start=\"2843\" data-end=\"2860\">6. Nous contacter<\/strong><\/h3><p data-start=\"2862\" data-end=\"2930\">Si vous avez des questions concernant cette politique de cookies ou la confidentialit\u00e9 de vos donn\u00e9es :<\/p><p data-start=\"2932\" data-end=\"3082\">\ud83d\udce7 <strong data-start=\"2935\" data-end=\"2945\">E-mail :<\/strong> <a class=\"cursor-pointer\" rel=\"noopener\" data-start=\"2946\" data-end=\"3009\">analysis@globaldatapro.com<\/a><br data-start=\"3009\" data-end=\"3012\">\ud83c\udf10 <strong data-start=\"3015\" data-end=\"3027\">Site web :<\/strong> <a class=\"\" href=\"https:\/\/www.globaldatapro.com\" target=\"_new\" rel=\"noopener\" data-start=\"3028\" data-end=\"3082\">www.globaldatapro.com<\/a><\/p>\t\t\t\t\t\t\t\t<\/div>\n\t\t\t\t<\/div>\n\t\t\t\t\t<\/div>\n\t\t\t\t<\/div>\n\t\t\t\t<\/div>\n\t\t","protected":false},"excerpt":{"rendered":"<p>Politique de cookies Date d&rsquo;entr\u00e9e en vigueur : 07\/06\/2025Cette politique de cookies explique comment Global Business Data Analysis LLC (\u00ab GBDA LLC \u00bb, \u00ab nous \u00bb, \u00ab notre \u00bb, ou \u00ab nos \u00bb) utilise les cookies et technologies similaires pour vous reconna\u00eetre lorsque vous visitez notre site web \u00e0 l&rsquo;adresse www.globaldatapro.com. Elle explique ce que [&hellip;]<\/p>\n","protected":false},"author":1,"featured_media":0,"parent":0,"menu_order":0,"comment_status":"closed","ping_status":"closed","template":"elementor_header_footer","meta":{"footnotes":""},"class_list":["post-893","page","type-page","status-publish","hentry"],"_links":{"self":[{"href":"https:\/\/globaldatapro.com\/fr\/wp-json\/wp\/v2\/pages\/893","targetHints":{"allow":["GET"]}}],"collection":[{"href":"https:\/\/globaldatapro.com\/fr\/wp-json\/wp\/v2\/pages"}],"about":[{"href":"https:\/\/globaldatapro.com\/fr\/wp-json\/wp\/v2\/types\/page"}],"author":[{"embeddable":true,"href":"https:\/\/globaldatapro.com\/fr\/wp-json\/wp\/v2\/users\/1"}],"replies":[{"embeddable":true,"href":"https:\/\/globaldatapro.com\/fr\/wp-json\/wp\/v2\/comments?post=893"}],"version-history":[{"count":1,"href":"https:\/\/globaldatapro.com\/fr\/wp-json\/wp\/v2\/pages\/893\/revisions"}],"predecessor-version":[{"id":896,"href":"https:\/\/globaldatapro.com\/fr\/wp-json\/wp\/v2\/pages\/893\/revisions\/896"}],"wp:attachment":[{"href":"https:\/\/globaldatapro.com\/fr\/wp-json\/wp\/v2\/media?parent=893"}],"curies":[{"name":"wp","href":"https:\/\/api.w.org\/{rel}","templated":true}]}}