{"id":914,"date":"2025-05-30T14:12:05","date_gmt":"2025-05-30T14:12:05","guid":{"rendered":"https:\/\/globaldatapro.com\/politique-de-confidentialite\/"},"modified":"2025-07-19T22:10:27","modified_gmt":"2025-07-19T22:10:27","slug":"politique-de-confidentialite","status":"publish","type":"page","link":"https:\/\/globaldatapro.com\/fr\/politique-de-confidentialite\/","title":{"rendered":"Politique de confidentialit\u00e9"},"content":{"rendered":"\t\t<div data-elementor-type=\"wp-page\" data-elementor-id=\"914\" class=\"elementor elementor-914 elementor-3\" data-elementor-post-type=\"page\">\n\t\t\t\t<div class=\"elementor-element elementor-element-2a2cd0d0 e-flex e-con-boxed e-con e-parent\" data-id=\"2a2cd0d0\" data-element_type=\"container\" data-e-type=\"container\" data-settings=\"{&quot;background_background&quot;:&quot;classic&quot;}\">\n\t\t\t\t\t<div class=\"e-con-inner\">\n\t\t\t\t<div class=\"elementor-element elementor-element-e738d4f elementor-widget elementor-widget-text-editor\" data-id=\"e738d4f\" data-element_type=\"widget\" data-e-type=\"widget\" data-widget_type=\"text-editor.default\">\n\t\t\t\t<div class=\"elementor-widget-container\">\n\t\t\t\t\t\t\t\t\t<h2 data-start=\"411\" data-end=\"434\"><strong data-start=\"414\" data-end=\"432\">Politique de confidentialit\u00e9<\/strong><\/h2>\n<p data-start=\"435\" data-end=\"468\"><strong data-start=\"435\" data-end=\"454\">Date d&rsquo;entr\u00e9e en vigueur :<\/strong> 07\/06\/2025<\/p>\n<p data-start=\"470\" data-end=\"753\">Chez <strong data-start=\"473\" data-end=\"510\">Global Business Data Analysis LLC<\/strong> (\u00ab GBDA LLC \u00bb, \u00ab nous \u00bb, \u00ab notre \u00bb, ou \u00ab nos \u00bb), votre confidentialit\u00e9 compte. Cette politique explique comment nous collectons, utilisons et prot\u00e9geons vos donn\u00e9es personnelles lorsque vous interagissez avec nous, notamment via notre site web <strong data-start=\"695\" data-end=\"752\"><a class=\"\" href=\"http:\/\/www.globaldatapro.com\" target=\"_new\" rel=\"noopener\" data-start=\"697\" data-end=\"750\">www.globaldatapro.com<\/a><\/strong>. <\/p>\n<hr data-start=\"755\" data-end=\"758\">\n<h3 data-start=\"760\" data-end=\"781\"><strong data-start=\"764\" data-end=\"781\">1. Qui nous sommes<\/strong><\/h3>\n<p data-start=\"783\" data-end=\"956\"><strong data-start=\"783\" data-end=\"795\">Site web :<\/strong> <a class=\"\" href=\"http:\/\/www.globaldatapro.com\" target=\"_new\" rel=\"noopener\" data-start=\"796\" data-end=\"849\">www.globaldatapro.com<\/a><br data-start=\"849\" data-end=\"852\"><strong data-start=\"852\" data-end=\"862\">E-mail :<\/strong> <a class=\"cursor-pointer\" rel=\"noopener\" data-start=\"863\" data-end=\"926\">analysis@globaldatapro.com<\/a><br data-start=\"926\" data-end=\"929\"><strong data-start=\"929\" data-end=\"942\">Localisation :<\/strong> \u00c9tats-Unis<\/p>\n<hr data-start=\"958\" data-end=\"961\">\n<h3 data-start=\"963\" data-end=\"989\"><strong data-start=\"967\" data-end=\"989\">2. Ce que nous collectons<\/strong><\/h3>\n<h4 data-start=\"991\" data-end=\"1026\">\ud83d\udce9 Donn\u00e9es personnelles que vous fournissez<\/h4>\n<ul data-start=\"1027\" data-end=\"1132\">\n<li data-start=\"1027\" data-end=\"1084\">\n<p data-start=\"1029\" data-end=\"1084\">Nom, adresse e-mail, num\u00e9ro de t\u00e9l\u00e9phone, organisation, etc.<\/p>\n<\/li>\n<li data-start=\"1085\" data-end=\"1132\">\n<p data-start=\"1087\" data-end=\"1132\">Soumissions de formulaires, e-mails ou demandes directes<\/p>\n<\/li>\n<\/ul>\n<h4 data-start=\"1134\" data-end=\"1172\">\ud83c\udf10 Donn\u00e9es collect\u00e9es automatiquement<\/h4>\n<ul data-start=\"1173\" data-end=\"1280\">\n<li data-start=\"1173\" data-end=\"1223\">\n<p data-start=\"1175\" data-end=\"1223\">Adresse IP, type de navigateur, localisation et appareil<\/p>\n<\/li>\n<li data-start=\"1224\" data-end=\"1280\">\n<p data-start=\"1226\" data-end=\"1280\">Cookies et donn\u00e9es d&rsquo;utilisation via des outils comme Google Analytics<\/p>\n<\/li>\n<\/ul>\n<hr data-start=\"1282\" data-end=\"1285\">\n<h3 data-start=\"1287\" data-end=\"1317\"><strong data-start=\"1291\" data-end=\"1317\">3. Commentaires et gravatar<\/strong><\/h3>\n<p data-start=\"1319\" data-end=\"1475\">Lorsque les visiteurs laissent des commentaires, nous collectons les donn\u00e9es affich\u00e9es dans le formulaire de commentaire, ainsi que l&rsquo;adresse IP du visiteur et l&rsquo;agent utilisateur du navigateur pour aider \u00e0 d\u00e9tecter le spam.<\/p>\n<p data-start=\"1477\" data-end=\"1696\">Une cha\u00eene anonymis\u00e9e (hash) de votre e-mail peut \u00eatre envoy\u00e9e au service <strong data-start=\"1538\" data-end=\"1550\">Gravatar<\/strong>. Consultez la <a class=\"\" href=\"https:\/\/automattic.com\/privacy\/\" target=\"_new\" rel=\"noopener\" data-start=\"1565\" data-end=\"1625\">Politique de confidentialit\u00e9 de Gravatar<\/a>. Apr\u00e8s approbation, votre photo de profil est visible \u00e0 c\u00f4t\u00e9 de votre commentaire.  <\/p>\n<hr data-start=\"1698\" data-end=\"1701\">\n<h3 data-start=\"1703\" data-end=\"1727\"><strong data-start=\"1707\" data-end=\"1727\">4. T\u00e9l\u00e9chargements de m\u00e9dias<\/strong><\/h3>\n<p data-start=\"1729\" data-end=\"1884\">Si vous t\u00e9l\u00e9chargez des images sur notre site, nous recommandons d&rsquo;\u00e9viter les fichiers avec des <strong data-start=\"1796\" data-end=\"1822\">donn\u00e9es de localisation EXIF GPS<\/strong>. Les visiteurs peuvent extraire des informations de localisation \u00e0 partir d&rsquo;images t\u00e9l\u00e9chargeables. <\/p>\n<hr data-start=\"1886\" data-end=\"1889\">\n<h3 data-start=\"1891\" data-end=\"1909\"><strong data-start=\"1895\" data-end=\"1909\">5. Cookies<\/strong><\/h3>\n<p data-start=\"1911\" data-end=\"1929\">Nous utilisons des cookies pour :<\/p>\n<ul data-start=\"1930\" data-end=\"2034\">\n<li data-start=\"1930\" data-end=\"1962\">\n<p data-start=\"1932\" data-end=\"1962\">Am\u00e9liorer votre exp\u00e9rience sur le site<\/p>\n<\/li>\n<li data-start=\"1963\" data-end=\"1992\">\n<p data-start=\"1965\" data-end=\"1992\">M\u00e9moriser vos pr\u00e9f\u00e9rences<\/p>\n<\/li>\n<li data-start=\"1993\" data-end=\"2034\">\n<p data-start=\"1995\" data-end=\"2034\">Analyser le trafic et am\u00e9liorer les performances<\/p>\n<\/li>\n<\/ul>\n<h4 data-start=\"2036\" data-end=\"2068\">Cookies sp\u00e9cifiques \u00e0 WordPress :<\/h4>\n<ul data-start=\"2069\" data-end=\"2323\">\n<li data-start=\"2069\" data-end=\"2132\">\n<p data-start=\"2071\" data-end=\"2132\">Les cookies de commentaires stockent votre nom, e-mail et site pendant 1 an<\/p>\n<\/li>\n<li data-start=\"2133\" data-end=\"2203\">\n<p data-start=\"2135\" data-end=\"2203\">Les cookies de connexion durent 2 jours (ou 2 semaines si \u00ab Se souvenir de moi \u00bb est coch\u00e9)<\/p>\n<\/li>\n<li data-start=\"2204\" data-end=\"2247\">\n<p data-start=\"2206\" data-end=\"2247\">Les cookies d&rsquo;\u00e9dition d&rsquo;articles expirent apr\u00e8s 1 jour<\/p>\n<\/li>\n<li data-start=\"2248\" data-end=\"2323\">\n<p data-start=\"2250\" data-end=\"2323\">Un cookie temporaire sur la page de connexion v\u00e9rifie si votre navigateur accepte les cookies<\/p>\n<\/li>\n<\/ul>\n<p data-start=\"2325\" data-end=\"2430\">Vous pouvez g\u00e9rer ou d\u00e9sactiver les cookies dans les param\u00e8tres de votre navigateur. Lisez notre <a class=\"\" href=\"https:\/\/globaldatapro.com\/fr\/politique-de-cookies\/\" rel=\"noopener\" data-start=\"2394\" data-end=\"2412\">Politique de cookies<\/a> pour plus de d\u00e9tails. <\/p>\n<hr data-start=\"2432\" data-end=\"2435\">\n<h3 data-start=\"2437\" data-end=\"2484\"><strong data-start=\"2441\" data-end=\"2484\">6. Contenu int\u00e9gr\u00e9 d&rsquo;autres sites web<\/strong><\/h3>\n<p data-start=\"2486\" data-end=\"2645\">Les articles de ce site peuvent inclure du contenu int\u00e9gr\u00e9 (par exemple, vid\u00e9os, images, articles). Ce contenu se comporte comme si vous aviez visit\u00e9 le site web d&rsquo;origine, qui peut : <\/p>\n<ul data-start=\"2646\" data-end=\"2724\">\n<li data-start=\"2646\" data-end=\"2667\">\n<p data-start=\"2648\" data-end=\"2667\">Collecter vos donn\u00e9es<\/p>\n<\/li>\n<li data-start=\"2668\" data-end=\"2683\">\n<p data-start=\"2670\" data-end=\"2683\">Utiliser des cookies<\/p>\n<\/li>\n<li data-start=\"2684\" data-end=\"2724\">\n<p data-start=\"2686\" data-end=\"2724\">Suivre les interactions si vous \u00eates connect\u00e9<\/p>\n<\/li>\n<\/ul>\n<hr data-start=\"2726\" data-end=\"2729\">\n<h3 data-start=\"2731\" data-end=\"2762\"><strong data-start=\"2735\" data-end=\"2762\">7. Comment nous utilisons vos donn\u00e9es<\/strong><\/h3>\n<p data-start=\"2764\" data-end=\"2784\">Nous utilisons vos donn\u00e9es pour :<\/p>\n<ul data-start=\"2785\" data-end=\"2956\">\n<li data-start=\"2785\" data-end=\"2829\">\n<p data-start=\"2787\" data-end=\"2829\">R\u00e9pondre aux demandes ou fournir des services<\/p>\n<\/li>\n<li data-start=\"2830\" data-end=\"2878\">\n<p data-start=\"2832\" data-end=\"2878\">Analyser l&rsquo;utilisation du site et am\u00e9liorer les fonctionnalit\u00e9s<\/p>\n<\/li>\n<li data-start=\"2879\" data-end=\"2924\">\n<p data-start=\"2881\" data-end=\"2924\">Envoyer des newsletters ou des mises \u00e0 jour (si vous y avez consenti)<\/p>\n<\/li>\n<li data-start=\"2925\" data-end=\"2956\">\n<p data-start=\"2927\" data-end=\"2956\">Respecter les obligations l\u00e9gales<\/p>\n<\/li>\n<\/ul>\n<p data-start=\"2958\" data-end=\"2996\">Nous <strong data-start=\"2961\" data-end=\"2971\">ne vendons pas<\/strong> vos donn\u00e9es personnelles.<\/p>\n<hr data-start=\"2998\" data-end=\"3001\">\n<h3 data-start=\"3003\" data-end=\"3026\"><strong data-start=\"3007\" data-end=\"3026\">8. Partage de donn\u00e9es<\/strong><\/h3>\n<p data-start=\"3028\" data-end=\"3056\">Nous pouvons partager vos donn\u00e9es avec :<\/p>\n<ul data-start=\"3057\" data-end=\"3190\">\n<li data-start=\"3057\" data-end=\"3112\">\n<p data-start=\"3059\" data-end=\"3112\">Fournisseurs d&rsquo;h\u00e9bergement, plateformes e-mail, outils d&rsquo;analyse<\/p>\n<\/li>\n<li data-start=\"3113\" data-end=\"3148\">\n<p data-start=\"3115\" data-end=\"3148\">Autorit\u00e9s l\u00e9gales lorsque requis<\/p>\n<\/li>\n<li data-start=\"3149\" data-end=\"3190\">\n<p data-start=\"3151\" data-end=\"3190\">Aucun sp\u00e9cialiste du marketing ou annonceur tiers<\/p>\n<\/li>\n<\/ul>\n<p data-start=\"3192\" data-end=\"3277\">Si vous demandez une r\u00e9initialisation de mot de passe, votre adresse IP sera incluse dans l&rsquo;e-mail de r\u00e9initialisation.<\/p>\n<hr data-start=\"3279\" data-end=\"3282\">\n<h3 data-start=\"3284\" data-end=\"3309\"><strong data-start=\"3288\" data-end=\"3309\">9. Conservation des donn\u00e9es<\/strong><\/h3>\n<ul data-start=\"3311\" data-end=\"3542\">\n<li data-start=\"3311\" data-end=\"3368\">\n<p data-start=\"3313\" data-end=\"3368\">Les commentaires et leurs m\u00e9tadonn\u00e9es sont conserv\u00e9s ind\u00e9finiment<\/p>\n<\/li>\n<li data-start=\"3369\" data-end=\"3434\">\n<p data-start=\"3371\" data-end=\"3434\">Les profils utilisateur (si les comptes sont activ\u00e9s) conservent les informations soumises<\/p>\n<\/li>\n<li data-start=\"3435\" data-end=\"3476\">\n<p data-start=\"3437\" data-end=\"3476\">Les administrateurs peuvent consulter et modifier les donn\u00e9es de profil<\/p>\n<\/li>\n<li data-start=\"3477\" data-end=\"3542\">\n<p data-start=\"3479\" data-end=\"3542\">Les cookies de connexion et de pr\u00e9f\u00e9rences d&rsquo;affichage varient de 2 jours \u00e0 1 an<\/p>\n<\/li>\n<\/ul>\n<hr data-start=\"3544\" data-end=\"3547\">\n<h3 data-start=\"3549\" data-end=\"3572\"><strong data-start=\"3553\" data-end=\"3572\">10. Vos droits<\/strong><\/h3>\n<p data-start=\"3574\" data-end=\"3590\">Vous pouvez demander :<\/p>\n<ul data-start=\"3591\" data-end=\"3740\">\n<li data-start=\"3591\" data-end=\"3625\">\n<p data-start=\"3593\" data-end=\"3625\">\u2705 Acc\u00e8s \u00e0 vos donn\u00e9es personnelles<\/p>\n<\/li>\n<li data-start=\"3626\" data-end=\"3655\">\n<p data-start=\"3628\" data-end=\"3655\">\ud83d\udcdd Corrections ou mises \u00e0 jour<\/p>\n<\/li>\n<li data-start=\"3656\" data-end=\"3683\">\n<p data-start=\"3658\" data-end=\"3683\">\u274c Suppression de vos donn\u00e9es<\/p>\n<\/li>\n<li data-start=\"3684\" data-end=\"3713\">\n<p data-start=\"3686\" data-end=\"3713\">\ud83d\udcc1 Un export de vos donn\u00e9es<\/p>\n<\/li>\n<li data-start=\"3714\" data-end=\"3740\">\n<p data-start=\"3716\" data-end=\"3740\">\ud83d\uded1 Retrait du consentement<\/p>\n<\/li>\n<\/ul>\n<p data-start=\"3742\" data-end=\"3879\">Les demandes peuvent \u00eatre faites en contactant <strong data-start=\"3777\" data-end=\"3844\"><a class=\"cursor-pointer\" rel=\"noopener\" data-start=\"3779\" data-end=\"3842\">analysis@globaldatapro.com<\/a><\/strong>. Nous r\u00e9pondrons dans un d\u00e9lai d&rsquo;un mois. <\/p>\n<hr data-start=\"3881\" data-end=\"3884\">\n<h3 data-start=\"3886\" data-end=\"3921\"><strong data-start=\"3890\" data-end=\"3921\">11. O\u00f9 vos donn\u00e9es sont envoy\u00e9es<\/strong><\/h3>\n<p data-start=\"3923\" data-end=\"3996\">Les commentaires des visiteurs peuvent \u00eatre v\u00e9rifi\u00e9s par des services de <strong data-start=\"3958\" data-end=\"3986\">d\u00e9tection automatis\u00e9e de spam<\/strong>.<\/p>\n<hr data-start=\"3998\" data-end=\"4001\">\n<h3 data-start=\"4003\" data-end=\"4044\"><strong data-start=\"4007\" data-end=\"4044\">12. Visiteurs internationaux (RGPD)<\/strong><\/h3>\n<p data-start=\"4046\" data-end=\"4303\">Si vous \u00eates situ\u00e9 dans l&rsquo;<strong data-start=\"4071\" data-end=\"4081\">UE\/EEE<\/strong>, nous traitons vos donn\u00e9es conform\u00e9ment au <strong data-start=\"4127\" data-end=\"4172\">R\u00e8glement g\u00e9n\u00e9ral sur la protection des donn\u00e9es (RGPD)<\/strong>. Vous avez tous les droits d&rsquo;acc\u00e9der, supprimer ou restreindre vos donn\u00e9es et pouvez d\u00e9poser une plainte aupr\u00e8s de votre autorit\u00e9 locale de protection des donn\u00e9es. <\/p>\n<hr data-start=\"4305\" data-end=\"4308\">\n<h3 data-start=\"4310\" data-end=\"4335\"><strong data-start=\"4314\" data-end=\"4335\">13. S\u00e9curit\u00e9 des donn\u00e9es<\/strong><\/h3>\n<p data-start=\"4337\" data-end=\"4457\">Nous mettons en place des mesures de protection techniques et organisationnelles pour prot\u00e9ger vos donn\u00e9es contre l&rsquo;acc\u00e8s non autoris\u00e9, la modification ou la perte.<\/p>\n<hr data-start=\"4459\" data-end=\"4462\">\n<h3 data-start=\"4464\" data-end=\"4498\"><strong data-start=\"4468\" data-end=\"4498\">14. Modifications de cette politique<\/strong><\/h3>\n<p data-start=\"4500\" data-end=\"4609\">Nous pouvons mettre \u00e0 jour cette Politique de confidentialit\u00e9 p\u00e9riodiquement. La \u00ab Date d&rsquo;entr\u00e9e en vigueur \u00bb en haut refl\u00e8te la derni\u00e8re r\u00e9vision. <\/p>\n<hr data-start=\"4611\" data-end=\"4614\">\n<h3 data-start=\"4616\" data-end=\"4638\"><strong data-start=\"4620\" data-end=\"4638\">15. Nous contacter<\/strong><\/h3>\n<p data-start=\"4640\" data-end=\"4805\"><strong data-start=\"4640\" data-end=\"4677\">Global Business Data Analysis LLC<\/strong><br data-start=\"4677\" data-end=\"4680\">\ud83d\udce7 <a class=\"cursor-pointer\" rel=\"noopener\" data-start=\"4683\" data-end=\"4746\">analysis@globaldatapro.com<\/a><br data-start=\"4746\" data-end=\"4749\">\ud83c\udf10 <a class=\"\" href=\"http:\/\/www.globaldatapro.com\" target=\"_new\" rel=\"noopener\" data-start=\"4752\" data-end=\"4805\">www.globaldatapro.com<\/a><\/p>\t\t\t\t\t\t\t\t<\/div>\n\t\t\t\t<\/div>\n\t\t\t\t\t<\/div>\n\t\t\t\t<\/div>\n\t\t\t\t<\/div>\n\t\t","protected":false},"excerpt":{"rendered":"<p>Politique de confidentialit\u00e9 Date d&rsquo;entr\u00e9e en vigueur : 07\/06\/2025 Chez Global Business Data Analysis LLC (\u00ab GBDA LLC \u00bb, \u00ab nous \u00bb, \u00ab notre \u00bb, ou \u00ab nos \u00bb), votre confidentialit\u00e9 compte. Cette politique explique comment nous collectons, utilisons et prot\u00e9geons vos donn\u00e9es personnelles lorsque vous interagissez avec nous, notamment via notre site web www.globaldatapro.com. [&hellip;]<\/p>\n","protected":false},"author":1,"featured_media":0,"parent":0,"menu_order":0,"comment_status":"closed","ping_status":"open","template":"","meta":{"footnotes":""},"class_list":["post-914","page","type-page","status-publish","hentry"],"_links":{"self":[{"href":"https:\/\/globaldatapro.com\/fr\/wp-json\/wp\/v2\/pages\/914","targetHints":{"allow":["GET"]}}],"collection":[{"href":"https:\/\/globaldatapro.com\/fr\/wp-json\/wp\/v2\/pages"}],"about":[{"href":"https:\/\/globaldatapro.com\/fr\/wp-json\/wp\/v2\/types\/page"}],"author":[{"embeddable":true,"href":"https:\/\/globaldatapro.com\/fr\/wp-json\/wp\/v2\/users\/1"}],"replies":[{"embeddable":true,"href":"https:\/\/globaldatapro.com\/fr\/wp-json\/wp\/v2\/comments?post=914"}],"version-history":[{"count":1,"href":"https:\/\/globaldatapro.com\/fr\/wp-json\/wp\/v2\/pages\/914\/revisions"}],"predecessor-version":[{"id":915,"href":"https:\/\/globaldatapro.com\/fr\/wp-json\/wp\/v2\/pages\/914\/revisions\/915"}],"wp:attachment":[{"href":"https:\/\/globaldatapro.com\/fr\/wp-json\/wp\/v2\/media?parent=914"}],"curies":[{"name":"wp","href":"https:\/\/api.w.org\/{rel}","templated":true}]}}